{"id":207,"date":"2014-08-23T10:23:21","date_gmt":"2014-08-23T09:23:21","guid":{"rendered":"http:\/\/www.mizarstvo.bliskk.si\/?page_id=207"},"modified":"2023-01-12T15:12:49","modified_gmt":"2023-01-12T14:12:49","slug":"oglasne-table","status":"publish","type":"page","link":"https:\/\/www.mizarstvo.bliskk.si\/?page_id=207","title":{"rendered":"OGLASNE IN OSTALE TABLE"},"content":{"rendered":"<p>Ponujamo vam razli\u010dne izdelave oglasnih tabel in panojev za razli\u010dne namene. Po \u017eelji vam jih opremimo z razli\u010dnimi napisi.<\/p>\n<div id='gallery-1' class='gallery galleryid-207 gallery-columns-3 gallery-size-thumbnail'><figure class='gallery-item'>\n\t\t\t<div class='gallery-icon portrait'>\n\t\t\t\t<a href='https:\/\/www.mizarstvo.bliskk.si\/wp-content\/uploads\/2023\/01\/1.jpg'><img loading=\"lazy\" decoding=\"async\" width=\"150\" height=\"150\" src=\"https:\/\/www.mizarstvo.bliskk.si\/wp-content\/uploads\/2023\/01\/1-150x150.jpg\" class=\"attachment-thumbnail size-thumbnail\" alt=\"A TABLA BRI\u0160I - PI\u0160I\" aria-describedby=\"gallery-1-782\" srcset=\"https:\/\/www.mizarstvo.bliskk.si\/wp-content\/uploads\/2023\/01\/1-150x150.jpg 150w, https:\/\/www.mizarstvo.bliskk.si\/wp-content\/uploads\/2023\/01\/1-574x576.jpg 574w\" sizes=\"auto, (max-width: 150px) 100vw, 150px\" \/><\/a>\n\t\t\t<\/div>\n\t\t\t\t<figcaption class='wp-caption-text gallery-caption' id='gallery-1-782'>\n\t\t\t\tA TABLA BRI\u0160I &#8211; PI\u0160I\n\t\t\t\t<\/figcaption><\/figure><figure class='gallery-item'>\n\t\t\t<div class='gallery-icon portrait'>\n\t\t\t\t<a href='https:\/\/www.mizarstvo.bliskk.si\/wp-content\/uploads\/2023\/01\/1673524050387-rotated.jpg'><img loading=\"lazy\" decoding=\"async\" width=\"150\" height=\"150\" src=\"https:\/\/www.mizarstvo.bliskk.si\/wp-content\/uploads\/2023\/01\/1673524050387-150x150.jpg\" class=\"attachment-thumbnail size-thumbnail\" alt=\"\" aria-describedby=\"gallery-1-783\" \/><\/a>\n\t\t\t<\/div>\n\t\t\t\t<figcaption class='wp-caption-text gallery-caption' id='gallery-1-783'>\n\t\t\t\tA TABLA BRI\u0160I &#8211; PI\u0160I\n\t\t\t\t<\/figcaption><\/figure><figure class='gallery-item'>\n\t\t\t<div class='gallery-icon portrait'>\n\t\t\t\t<a href='https:\/\/www.mizarstvo.bliskk.si\/wp-content\/uploads\/2023\/01\/1673524050399-rotated.jpg'><img loading=\"lazy\" decoding=\"async\" width=\"150\" height=\"150\" src=\"https:\/\/www.mizarstvo.bliskk.si\/wp-content\/uploads\/2023\/01\/1673524050399-150x150.jpg\" class=\"attachment-thumbnail size-thumbnail\" alt=\"\" aria-describedby=\"gallery-1-784\" \/><\/a>\n\t\t\t<\/div>\n\t\t\t\t<figcaption class='wp-caption-text gallery-caption' id='gallery-1-784'>\n\t\t\t\tA TABLA BRI\u0160I &#8211; PI\u0160I\n\t\t\t\t<\/figcaption><\/figure><figure class='gallery-item'>\n\t\t\t<div class='gallery-icon portrait'>\n\t\t\t\t<a href='https:\/\/www.mizarstvo.bliskk.si\/wp-content\/uploads\/2023\/01\/atabla.jpg'><img loading=\"lazy\" decoding=\"async\" width=\"150\" height=\"150\" src=\"https:\/\/www.mizarstvo.bliskk.si\/wp-content\/uploads\/2023\/01\/atabla-150x150.jpg\" class=\"attachment-thumbnail size-thumbnail\" alt=\"\" aria-describedby=\"gallery-1-791\" srcset=\"https:\/\/www.mizarstvo.bliskk.si\/wp-content\/uploads\/2023\/01\/atabla-150x150.jpg 150w, https:\/\/www.mizarstvo.bliskk.si\/wp-content\/uploads\/2023\/01\/atabla-574x576.jpg 574w\" sizes=\"auto, (max-width: 150px) 100vw, 150px\" \/><\/a>\n\t\t\t<\/div>\n\t\t\t\t<figcaption class='wp-caption-text gallery-caption' id='gallery-1-791'>\n\t\t\t\tA TABLA BRI\u0160I &#8211; PI\u0160I\n\t\t\t\t<\/figcaption><\/figure><figure class='gallery-item'>\n\t\t\t<div class='gallery-icon portrait'>\n\t\t\t\t<a href='https:\/\/www.mizarstvo.bliskk.si\/wp-content\/uploads\/2023\/01\/1673524050410-rotated.jpg'><img loading=\"lazy\" decoding=\"async\" width=\"150\" height=\"150\" src=\"https:\/\/www.mizarstvo.bliskk.si\/wp-content\/uploads\/2023\/01\/1673524050410-150x150.jpg\" class=\"attachment-thumbnail size-thumbnail\" alt=\"\" aria-describedby=\"gallery-1-785\" \/><\/a>\n\t\t\t<\/div>\n\t\t\t\t<figcaption class='wp-caption-text gallery-caption' id='gallery-1-785'>\n\t\t\t\tA TABLA BRI\u0160I &#8211; PI\u0160I OTRO\u0160KA\n\t\t\t\t<\/figcaption><\/figure><figure class='gallery-item'>\n\t\t\t<div class='gallery-icon portrait'>\n\t\t\t\t<a href='https:\/\/www.mizarstvo.bliskk.si\/wp-content\/uploads\/2023\/01\/1673524050418-rotated.jpg'><img loading=\"lazy\" decoding=\"async\" width=\"150\" height=\"150\" src=\"https:\/\/www.mizarstvo.bliskk.si\/wp-content\/uploads\/2023\/01\/1673524050418-150x150.jpg\" class=\"attachment-thumbnail size-thumbnail\" alt=\"\" aria-describedby=\"gallery-1-786\" \/><\/a>\n\t\t\t<\/div>\n\t\t\t\t<figcaption class='wp-caption-text gallery-caption' id='gallery-1-786'>\n\t\t\t\tA TABLA BRI\u0160I &#8211; PI\u0160I OTRO\u0160KA\n\t\t\t\t<\/figcaption><\/figure><figure class='gallery-item'>\n\t\t\t<div class='gallery-icon portrait'>\n\t\t\t\t<a href='https:\/\/www.mizarstvo.bliskk.si\/wp-content\/uploads\/2023\/01\/atabla2.jpg'><img loading=\"lazy\" decoding=\"async\" width=\"150\" height=\"150\" src=\"https:\/\/www.mizarstvo.bliskk.si\/wp-content\/uploads\/2023\/01\/atabla2-150x150.jpg\" class=\"attachment-thumbnail size-thumbnail\" alt=\"\" aria-describedby=\"gallery-1-792\" srcset=\"https:\/\/www.mizarstvo.bliskk.si\/wp-content\/uploads\/2023\/01\/atabla2-150x150.jpg 150w, https:\/\/www.mizarstvo.bliskk.si\/wp-content\/uploads\/2023\/01\/atabla2-574x576.jpg 574w\" sizes=\"auto, (max-width: 150px) 100vw, 150px\" \/><\/a>\n\t\t\t<\/div>\n\t\t\t\t<figcaption class='wp-caption-text gallery-caption' id='gallery-1-792'>\n\t\t\t\tA TABLA BRI\u0160I &#8211; PI\u0160I OTRO\u0160KA\n\t\t\t\t<\/figcaption><\/figure><figure class='gallery-item'>\n\t\t\t<div class='gallery-icon portrait'>\n\t\t\t\t<a href='https:\/\/www.mizarstvo.bliskk.si\/wp-content\/uploads\/2023\/01\/atabla3.jpg'><img loading=\"lazy\" decoding=\"async\" width=\"150\" height=\"150\" src=\"https:\/\/www.mizarstvo.bliskk.si\/wp-content\/uploads\/2023\/01\/atabla3-150x150.jpg\" class=\"attachment-thumbnail size-thumbnail\" alt=\"\" aria-describedby=\"gallery-1-793\" srcset=\"https:\/\/www.mizarstvo.bliskk.si\/wp-content\/uploads\/2023\/01\/atabla3-150x150.jpg 150w, https:\/\/www.mizarstvo.bliskk.si\/wp-content\/uploads\/2023\/01\/atabla3-574x576.jpg 574w\" sizes=\"auto, (max-width: 150px) 100vw, 150px\" \/><\/a>\n\t\t\t<\/div>\n\t\t\t\t<figcaption class='wp-caption-text gallery-caption' id='gallery-1-793'>\n\t\t\t\tA TABLA BRI\u0160I &#8211; PI\u0160I OTRO\u0160KA\n\t\t\t\t<\/figcaption><\/figure><figure class='gallery-item'>\n\t\t\t<div class='gallery-icon portrait'>\n\t\t\t\t<a href='https:\/\/www.mizarstvo.bliskk.si\/wp-content\/uploads\/2023\/01\/1673524050591-rotated.jpg'><img loading=\"lazy\" decoding=\"async\" width=\"150\" height=\"150\" src=\"https:\/\/www.mizarstvo.bliskk.si\/wp-content\/uploads\/2023\/01\/1673524050591-150x150.jpg\" class=\"attachment-thumbnail size-thumbnail\" alt=\"\" aria-describedby=\"gallery-1-787\" \/><\/a>\n\t\t\t<\/div>\n\t\t\t\t<figcaption class='wp-caption-text gallery-caption' id='gallery-1-787'>\n\t\t\t\tA TABLA\n\t\t\t\t<\/figcaption><\/figure><figure class='gallery-item'>\n\t\t\t<div class='gallery-icon portrait'>\n\t\t\t\t<a href='https:\/\/www.mizarstvo.bliskk.si\/wp-content\/uploads\/2023\/01\/1673524050605-rotated.jpg'><img loading=\"lazy\" decoding=\"async\" width=\"150\" height=\"150\" src=\"https:\/\/www.mizarstvo.bliskk.si\/wp-content\/uploads\/2023\/01\/1673524050605-150x150.jpg\" class=\"attachment-thumbnail size-thumbnail\" alt=\"\" aria-describedby=\"gallery-1-788\" \/><\/a>\n\t\t\t<\/div>\n\t\t\t\t<figcaption class='wp-caption-text gallery-caption' id='gallery-1-788'>\n\t\t\t\tA TABLA\n\t\t\t\t<\/figcaption><\/figure>\n\t\t<\/div>\n\n<div id='gallery-2' class='gallery galleryid-207 gallery-columns-3 gallery-size-thumbnail'><figure class='gallery-item'>\n\t\t\t<div class='gallery-icon portrait'>\n\t\t\t\t<a href='https:\/\/www.mizarstvo.bliskk.si\/wp-content\/uploads\/2023\/01\/1673524050649-rotated.jpg'><img loading=\"lazy\" decoding=\"async\" width=\"150\" height=\"150\" src=\"https:\/\/www.mizarstvo.bliskk.si\/wp-content\/uploads\/2023\/01\/1673524050649-150x150.jpg\" class=\"attachment-thumbnail size-thumbnail\" alt=\"\" aria-describedby=\"gallery-2-790\" \/><\/a>\n\t\t\t<\/div>\n\t\t\t\t<figcaption class='wp-caption-text gallery-caption' id='gallery-2-790'>\n\t\t\t\tOGLASNA TABLA\n\t\t\t\t<\/figcaption><\/figure><figure class='gallery-item'>\n\t\t\t<div class='gallery-icon landscape'>\n\t\t\t\t<a href='https:\/\/www.mizarstvo.bliskk.si\/wp-content\/uploads\/2023\/01\/1673524050639.jpg'><img loading=\"lazy\" decoding=\"async\" width=\"150\" height=\"150\" src=\"https:\/\/www.mizarstvo.bliskk.si\/wp-content\/uploads\/2023\/01\/1673524050639-150x150.jpg\" class=\"attachment-thumbnail size-thumbnail\" alt=\"\" aria-describedby=\"gallery-2-789\" \/><\/a>\n\t\t\t<\/div>\n\t\t\t\t<figcaption class='wp-caption-text gallery-caption' id='gallery-2-789'>\n\t\t\t\tOGLASNA TABLA\n\t\t\t\t<\/figcaption><\/figure>\n\t\t<\/div>\n\n<div id='gallery-3' class='gallery galleryid-207 gallery-columns-3 gallery-size-thumbnail'><figure class='gallery-item'>\n\t\t\t<div class='gallery-icon portrait'>\n\t\t\t\t<a href='https:\/\/www.mizarstvo.bliskk.si\/wp-content\/uploads\/2020\/12\/tabla_fram.jpg'><img loading=\"lazy\" decoding=\"async\" width=\"150\" height=\"150\" src=\"https:\/\/www.mizarstvo.bliskk.si\/wp-content\/uploads\/2020\/12\/tabla_fram-150x150.jpg\" class=\"attachment-thumbnail size-thumbnail\" alt=\"\" \/><\/a>\n\t\t\t<\/div><\/figure><figure class='gallery-item'>\n\t\t\t<div class='gallery-icon portrait'>\n\t\t\t\t<a href='https:\/\/www.mizarstvo.bliskk.si\/wp-content\/uploads\/2020\/12\/tabla_fram_1.jpg'><img loading=\"lazy\" decoding=\"async\" width=\"150\" height=\"150\" src=\"https:\/\/www.mizarstvo.bliskk.si\/wp-content\/uploads\/2020\/12\/tabla_fram_1-150x150.jpg\" class=\"attachment-thumbnail size-thumbnail\" alt=\"\" \/><\/a>\n\t\t\t<\/div><\/figure><figure class='gallery-item'>\n\t\t\t<div class='gallery-icon portrait'>\n\t\t\t\t<a href='https:\/\/www.mizarstvo.bliskk.si\/wp-content\/uploads\/2020\/12\/KA\u017dIPOT_MORJE.jpg'><img loading=\"lazy\" decoding=\"async\" width=\"150\" height=\"150\" src=\"https:\/\/www.mizarstvo.bliskk.si\/wp-content\/uploads\/2020\/12\/KA\u017dIPOT_MORJE-150x150.jpg\" class=\"attachment-thumbnail size-thumbnail\" alt=\"\" \/><\/a>\n\t\t\t<\/div><\/figure>\n\t\t<\/div>\n\n<div id='gallery-4' class='gallery galleryid-207 gallery-columns-3 gallery-size-thumbnail'><figure class='gallery-item'>\n\t\t\t<div class='gallery-icon landscape'>\n\t\t\t\t<a href='https:\/\/www.mizarstvo.bliskk.si\/wp-content\/uploads\/2013\/09\/oglasnipanoji1.jpg'><img loading=\"lazy\" decoding=\"async\" width=\"150\" height=\"150\" src=\"https:\/\/www.mizarstvo.bliskk.si\/wp-content\/uploads\/2013\/09\/oglasnipanoji1-150x150.jpg\" class=\"attachment-thumbnail size-thumbnail\" alt=\"\" \/><\/a>\n\t\t\t<\/div><\/figure><figure class='gallery-item'>\n\t\t\t<div class='gallery-icon landscape'>\n\t\t\t\t<a href='https:\/\/www.mizarstvo.bliskk.si\/wp-content\/uploads\/2013\/09\/oglasnipanoji.jpg'><img loading=\"lazy\" decoding=\"async\" width=\"150\" height=\"150\" src=\"https:\/\/www.mizarstvo.bliskk.si\/wp-content\/uploads\/2013\/09\/oglasnipanoji-150x150.jpg\" class=\"attachment-thumbnail size-thumbnail\" alt=\"\" \/><\/a>\n\t\t\t<\/div><\/figure><figure class='gallery-item'>\n\t\t\t<div class='gallery-icon portrait'>\n\t\t\t\t<a href='https:\/\/www.mizarstvo.bliskk.si\/wp-content\/uploads\/2013\/09\/IMG_0888.jpg'><img loading=\"lazy\" decoding=\"async\" width=\"150\" height=\"150\" src=\"https:\/\/www.mizarstvo.bliskk.si\/wp-content\/uploads\/2013\/09\/IMG_0888-150x150.jpg\" class=\"attachment-thumbnail size-thumbnail\" alt=\"\" \/><\/a>\n\t\t\t<\/div><\/figure><figure class='gallery-item'>\n\t\t\t<div class='gallery-icon portrait'>\n\t\t\t\t<a href='https:\/\/www.mizarstvo.bliskk.si\/wp-content\/uploads\/2013\/09\/IMG_0892.jpg'><img loading=\"lazy\" decoding=\"async\" width=\"150\" height=\"150\" src=\"https:\/\/www.mizarstvo.bliskk.si\/wp-content\/uploads\/2013\/09\/IMG_0892-150x150.jpg\" class=\"attachment-thumbnail size-thumbnail\" alt=\"\" \/><\/a>\n\t\t\t<\/div><\/figure><figure class='gallery-item'>\n\t\t\t<div class='gallery-icon landscape'>\n\t\t\t\t<a href='https:\/\/www.mizarstvo.bliskk.si\/wp-content\/uploads\/2013\/09\/IMG_0864.jpg'><img loading=\"lazy\" decoding=\"async\" width=\"150\" height=\"150\" src=\"https:\/\/www.mizarstvo.bliskk.si\/wp-content\/uploads\/2013\/09\/IMG_0864-150x150.jpg\" class=\"attachment-thumbnail size-thumbnail\" alt=\"\" \/><\/a>\n\t\t\t<\/div><\/figure><figure class='gallery-item'>\n\t\t\t<div class='gallery-icon portrait'>\n\t\t\t\t<a href='https:\/\/www.mizarstvo.bliskk.si\/wp-content\/uploads\/2013\/09\/DSC_0398.jpg'><img loading=\"lazy\" decoding=\"async\" width=\"150\" height=\"150\" src=\"https:\/\/www.mizarstvo.bliskk.si\/wp-content\/uploads\/2013\/09\/DSC_0398-150x150.jpg\" class=\"attachment-thumbnail size-thumbnail\" alt=\"\" \/><\/a>\n\t\t\t<\/div><\/figure>\n\t\t<\/div>\n\n<div id='gallery-5' class='gallery galleryid-207 gallery-columns-3 gallery-size-thumbnail'><figure class='gallery-item'>\n\t\t\t<div class='gallery-icon portrait'>\n\t\t\t\t<a href='https:\/\/www.mizarstvo.bliskk.si\/?attachment_id=580'><img loading=\"lazy\" decoding=\"async\" width=\"150\" height=\"150\" src=\"https:\/\/www.mizarstvo.bliskk.si\/wp-content\/uploads\/2020\/04\/IMG_20200425_194618-150x150.jpg\" class=\"attachment-thumbnail size-thumbnail\" alt=\"\" \/><\/a>\n\t\t\t<\/div><\/figure><figure class='gallery-item'>\n\t\t\t<div class='gallery-icon portrait'>\n\t\t\t\t<a href='https:\/\/www.mizarstvo.bliskk.si\/?attachment_id=581'><img loading=\"lazy\" decoding=\"async\" width=\"150\" height=\"150\" src=\"https:\/\/www.mizarstvo.bliskk.si\/wp-content\/uploads\/2020\/04\/IMG_20200425_194632-150x150.jpg\" class=\"attachment-thumbnail size-thumbnail\" alt=\"\" \/><\/a>\n\t\t\t<\/div><\/figure>\n\t\t<\/div>\n\n<p>Izdelava z monta\u017eo ka\u017eipota iz masivnega lesa in ope\u010dno kritino.<\/p>\n<div id='gallery-6' class='gallery galleryid-207 gallery-columns-3 gallery-size-thumbnail'><figure class='gallery-item'>\n\t\t\t<div class='gallery-icon landscape'>\n\t\t\t\t<a href='https:\/\/www.mizarstvo.bliskk.si\/wp-content\/uploads\/2014\/08\/kazipot1.jpg'><img loading=\"lazy\" decoding=\"async\" width=\"150\" height=\"150\" src=\"https:\/\/www.mizarstvo.bliskk.si\/wp-content\/uploads\/2014\/08\/kazipot1-150x150.jpg\" class=\"attachment-thumbnail size-thumbnail\" alt=\"\" \/><\/a>\n\t\t\t<\/div><\/figure><figure class='gallery-item'>\n\t\t\t<div class='gallery-icon portrait'>\n\t\t\t\t<a href='https:\/\/www.mizarstvo.bliskk.si\/wp-content\/uploads\/2014\/08\/kazipot.jpg'><img loading=\"lazy\" decoding=\"async\" width=\"150\" height=\"150\" src=\"https:\/\/www.mizarstvo.bliskk.si\/wp-content\/uploads\/2014\/08\/kazipot-150x150.jpg\" class=\"attachment-thumbnail size-thumbnail\" alt=\"\" \/><\/a>\n\t\t\t<\/div><\/figure>\n\t\t<\/div>\n\n","protected":false},"excerpt":{"rendered":"<p>Ponujamo vam razli\u010dne izdelave oglasnih tabel in panojev za razli\u010dne namene. Po \u017eelji vam jih opremimo z razli\u010dnimi napisi. Izdelava z monta\u017eo ka\u017eipota iz masivnega lesa in ope\u010dno kritino.<\/p>\n","protected":false},"author":1,"featured_media":0,"parent":188,"menu_order":3,"comment_status":"closed","ping_status":"closed","template":"","meta":{"footnotes":""},"class_list":["post-207","page","type-page","status-publish","hentry"],"_links":{"self":[{"href":"https:\/\/www.mizarstvo.bliskk.si\/index.php?rest_route=\/wp\/v2\/pages\/207","targetHints":{"allow":["GET"]}}],"collection":[{"href":"https:\/\/www.mizarstvo.bliskk.si\/index.php?rest_route=\/wp\/v2\/pages"}],"about":[{"href":"https:\/\/www.mizarstvo.bliskk.si\/index.php?rest_route=\/wp\/v2\/types\/page"}],"author":[{"embeddable":true,"href":"https:\/\/www.mizarstvo.bliskk.si\/index.php?rest_route=\/wp\/v2\/users\/1"}],"replies":[{"embeddable":true,"href":"https:\/\/www.mizarstvo.bliskk.si\/index.php?rest_route=%2Fwp%2Fv2%2Fcomments&post=207"}],"version-history":[{"count":7,"href":"https:\/\/www.mizarstvo.bliskk.si\/index.php?rest_route=\/wp\/v2\/pages\/207\/revisions"}],"predecessor-version":[{"id":801,"href":"https:\/\/www.mizarstvo.bliskk.si\/index.php?rest_route=\/wp\/v2\/pages\/207\/revisions\/801"}],"up":[{"embeddable":true,"href":"https:\/\/www.mizarstvo.bliskk.si\/index.php?rest_route=\/wp\/v2\/pages\/188"}],"wp:attachment":[{"href":"https:\/\/www.mizarstvo.bliskk.si\/index.php?rest_route=%2Fwp%2Fv2%2Fmedia&parent=207"}],"curies":[{"name":"wp","href":"https:\/\/api.w.org\/{rel}","templated":true}]}}