{"id":56,"date":"2013-09-29T13:23:13","date_gmt":"2013-09-29T13:23:13","guid":{"rendered":"http:\/\/www.mizarstvo.bliskk.si\/?page_id=56"},"modified":"2023-01-13T09:17:01","modified_gmt":"2023-01-13T08:17:01","slug":"stopnice","status":"publish","type":"page","link":"https:\/\/www.mizarstvo.bliskk.si\/?page_id=56","title":{"rendered":"STOPNICE"},"content":{"rendered":"<p>Izdelava in monta\u017ea lesenih stopnic za razli\u010dne namene.<\/p>\n<p>IZDELAVA IN MONTA\u017dA STOPNIC NA PRIPRAVLJENO KOVINSKO NOSILNO KONSTRUKCIJO<\/p>\n<div id='gallery-1' class='gallery galleryid-56 gallery-columns-3 gallery-size-thumbnail'><figure class='gallery-item'>\n\t\t\t<div class='gallery-icon portrait'>\n\t\t\t\t<a href='https:\/\/www.mizarstvo.bliskk.si\/wp-content\/uploads\/2023\/01\/1673527176041-rotated.jpg'><img loading=\"lazy\" decoding=\"async\" width=\"150\" height=\"150\" src=\"https:\/\/www.mizarstvo.bliskk.si\/wp-content\/uploads\/2023\/01\/1673527176041-150x150.jpg\" class=\"attachment-thumbnail size-thumbnail\" alt=\"\" aria-describedby=\"gallery-1-869\" \/><\/a>\n\t\t\t<\/div>\n\t\t\t\t<figcaption class='wp-caption-text gallery-caption' id='gallery-1-869'>\n\t\t\t\tSTOPNICE\n\t\t\t\t<\/figcaption><\/figure><figure class='gallery-item'>\n\t\t\t<div class='gallery-icon portrait'>\n\t\t\t\t<a href='https:\/\/www.mizarstvo.bliskk.si\/wp-content\/uploads\/2023\/01\/1673527176028-rotated.jpg'><img loading=\"lazy\" decoding=\"async\" width=\"150\" height=\"150\" src=\"https:\/\/www.mizarstvo.bliskk.si\/wp-content\/uploads\/2023\/01\/1673527176028-150x150.jpg\" class=\"attachment-thumbnail size-thumbnail\" alt=\"\" aria-describedby=\"gallery-1-868\" \/><\/a>\n\t\t\t<\/div>\n\t\t\t\t<figcaption class='wp-caption-text gallery-caption' id='gallery-1-868'>\n\t\t\t\tSTOPNICE\n\t\t\t\t<\/figcaption><\/figure><figure class='gallery-item'>\n\t\t\t<div class='gallery-icon landscape'>\n\t\t\t\t<a href='https:\/\/www.mizarstvo.bliskk.si\/wp-content\/uploads\/2023\/01\/1673527176014.jpg'><img loading=\"lazy\" decoding=\"async\" width=\"150\" height=\"150\" src=\"https:\/\/www.mizarstvo.bliskk.si\/wp-content\/uploads\/2023\/01\/1673527176014-150x150.jpg\" class=\"attachment-thumbnail size-thumbnail\" alt=\"\" aria-describedby=\"gallery-1-867\" \/><\/a>\n\t\t\t<\/div>\n\t\t\t\t<figcaption class='wp-caption-text gallery-caption' id='gallery-1-867'>\n\t\t\t\tSTOPNICE\n\t\t\t\t<\/figcaption><\/figure><figure class='gallery-item'>\n\t\t\t<div class='gallery-icon portrait'>\n\t\t\t\t<a href='https:\/\/www.mizarstvo.bliskk.si\/wp-content\/uploads\/2023\/01\/1673527175870-rotated.jpg'><img loading=\"lazy\" decoding=\"async\" width=\"150\" height=\"150\" src=\"https:\/\/www.mizarstvo.bliskk.si\/wp-content\/uploads\/2023\/01\/1673527175870-150x150.jpg\" class=\"attachment-thumbnail size-thumbnail\" alt=\"\" aria-describedby=\"gallery-1-866\" \/><\/a>\n\t\t\t<\/div>\n\t\t\t\t<figcaption class='wp-caption-text gallery-caption' id='gallery-1-866'>\n\t\t\t\tSTOPNICE\n\t\t\t\t<\/figcaption><\/figure><figure class='gallery-item'>\n\t\t\t<div class='gallery-icon portrait'>\n\t\t\t\t<a href='https:\/\/www.mizarstvo.bliskk.si\/wp-content\/uploads\/2023\/01\/1673527175856-rotated.jpg'><img loading=\"lazy\" decoding=\"async\" width=\"150\" height=\"150\" src=\"https:\/\/www.mizarstvo.bliskk.si\/wp-content\/uploads\/2023\/01\/1673527175856-150x150.jpg\" class=\"attachment-thumbnail size-thumbnail\" alt=\"\" aria-describedby=\"gallery-1-865\" \/><\/a>\n\t\t\t<\/div>\n\t\t\t\t<figcaption class='wp-caption-text gallery-caption' id='gallery-1-865'>\n\t\t\t\tSTOPNICE\n\t\t\t\t<\/figcaption><\/figure>\n\t\t<\/div>\n\n<p>IZDELAVA STOPNIH PLOSKEV NA BETONSKE STOPNICE<\/p>\n<div id='gallery-2' class='gallery galleryid-56 gallery-columns-3 gallery-size-thumbnail'><figure class='gallery-item'>\n\t\t\t<div class='gallery-icon portrait'>\n\t\t\t\t<a href='https:\/\/www.mizarstvo.bliskk.si\/wp-content\/uploads\/2023\/01\/1673527176075.jpg'><img loading=\"lazy\" decoding=\"async\" width=\"150\" height=\"150\" src=\"https:\/\/www.mizarstvo.bliskk.si\/wp-content\/uploads\/2023\/01\/1673527176075-150x150.jpg\" class=\"attachment-thumbnail size-thumbnail\" alt=\"\" aria-describedby=\"gallery-2-871\" srcset=\"https:\/\/www.mizarstvo.bliskk.si\/wp-content\/uploads\/2023\/01\/1673527176075-150x150.jpg 150w, https:\/\/www.mizarstvo.bliskk.si\/wp-content\/uploads\/2023\/01\/1673527176075-576x576.jpg 576w\" sizes=\"auto, (max-width: 150px) 100vw, 150px\" \/><\/a>\n\t\t\t<\/div>\n\t\t\t\t<figcaption class='wp-caption-text gallery-caption' id='gallery-2-871'>\n\t\t\t\tSTOPNICE ANTRACIT\n\t\t\t\t<\/figcaption><\/figure><figure class='gallery-item'>\n\t\t\t<div class='gallery-icon portrait'>\n\t\t\t\t<a href='https:\/\/www.mizarstvo.bliskk.si\/wp-content\/uploads\/2023\/01\/1673527176062.jpg'><img loading=\"lazy\" decoding=\"async\" width=\"150\" height=\"150\" src=\"https:\/\/www.mizarstvo.bliskk.si\/wp-content\/uploads\/2023\/01\/1673527176062-150x150.jpg\" class=\"attachment-thumbnail size-thumbnail\" alt=\"\" aria-describedby=\"gallery-2-870\" srcset=\"https:\/\/www.mizarstvo.bliskk.si\/wp-content\/uploads\/2023\/01\/1673527176062-150x150.jpg 150w, https:\/\/www.mizarstvo.bliskk.si\/wp-content\/uploads\/2023\/01\/1673527176062-576x576.jpg 576w\" sizes=\"auto, (max-width: 150px) 100vw, 150px\" \/><\/a>\n\t\t\t<\/div>\n\t\t\t\t<figcaption class='wp-caption-text gallery-caption' id='gallery-2-870'>\n\t\t\t\tSTOPNICE ANTRACIT\n\t\t\t\t<\/figcaption><\/figure>\n\t\t<\/div>\n\n<p>RA\u010cJA HOJA<\/p>\n<div id='gallery-3' class='gallery galleryid-56 gallery-columns-3 gallery-size-thumbnail'><figure class='gallery-item'>\n\t\t\t<div class='gallery-icon portrait'>\n\t\t\t\t<a href='https:\/\/www.mizarstvo.bliskk.si\/wp-content\/uploads\/2023\/01\/1673527176324.jpg'><img loading=\"lazy\" decoding=\"async\" width=\"150\" height=\"150\" src=\"https:\/\/www.mizarstvo.bliskk.si\/wp-content\/uploads\/2023\/01\/1673527176324-150x150.jpg\" class=\"attachment-thumbnail size-thumbnail\" alt=\"\" aria-describedby=\"gallery-3-872\" srcset=\"https:\/\/www.mizarstvo.bliskk.si\/wp-content\/uploads\/2023\/01\/1673527176324-150x150.jpg 150w, https:\/\/www.mizarstvo.bliskk.si\/wp-content\/uploads\/2023\/01\/1673527176324-576x576.jpg 576w\" sizes=\"auto, (max-width: 150px) 100vw, 150px\" \/><\/a>\n\t\t\t<\/div>\n\t\t\t\t<figcaption class='wp-caption-text gallery-caption' id='gallery-3-872'>\n\t\t\t\tRA\u010cJA HOJA\n\t\t\t\t<\/figcaption><\/figure><figure class='gallery-item'>\n\t\t\t<div class='gallery-icon portrait'>\n\t\t\t\t<a href='https:\/\/www.mizarstvo.bliskk.si\/wp-content\/uploads\/2023\/01\/1673527176363.jpg'><img loading=\"lazy\" decoding=\"async\" width=\"150\" height=\"150\" src=\"https:\/\/www.mizarstvo.bliskk.si\/wp-content\/uploads\/2023\/01\/1673527176363-150x150.jpg\" class=\"attachment-thumbnail size-thumbnail\" alt=\"\" aria-describedby=\"gallery-3-873\" srcset=\"https:\/\/www.mizarstvo.bliskk.si\/wp-content\/uploads\/2023\/01\/1673527176363-150x150.jpg 150w, https:\/\/www.mizarstvo.bliskk.si\/wp-content\/uploads\/2023\/01\/1673527176363-576x576.jpg 576w\" sizes=\"auto, (max-width: 150px) 100vw, 150px\" \/><\/a>\n\t\t\t<\/div>\n\t\t\t\t<figcaption class='wp-caption-text gallery-caption' id='gallery-3-873'>\n\t\t\t\tRA\u010cJA HOJA\n\t\t\t\t<\/figcaption><\/figure>\n\t\t<\/div>\n\n<p>IZDELAVA STOPNIC &#8211; RA\u010cJA HOJA- ZA DOTRAJANE STOPNICE NA RAZGLEDNEM STOLPU V KRAJINSKEM PARKU.<\/p>\n<div id='gallery-4' class='gallery galleryid-56 gallery-columns-3 gallery-size-thumbnail'><figure class='gallery-item'>\n\t\t\t<div class='gallery-icon landscape'>\n\t\t\t\t<a href='https:\/\/www.mizarstvo.bliskk.si\/wp-content\/uploads\/2020\/12\/STOPNICE_STOLP.jpg'><img loading=\"lazy\" decoding=\"async\" width=\"150\" height=\"150\" src=\"https:\/\/www.mizarstvo.bliskk.si\/wp-content\/uploads\/2020\/12\/STOPNICE_STOLP-150x150.jpg\" class=\"attachment-thumbnail size-thumbnail\" alt=\"\" \/><\/a>\n\t\t\t<\/div><\/figure><figure class='gallery-item'>\n\t\t\t<div class='gallery-icon landscape'>\n\t\t\t\t<a href='https:\/\/www.mizarstvo.bliskk.si\/wp-content\/uploads\/2020\/12\/STOPNICE_STOLP_1.jpg'><img loading=\"lazy\" decoding=\"async\" width=\"150\" height=\"150\" src=\"https:\/\/www.mizarstvo.bliskk.si\/wp-content\/uploads\/2020\/12\/STOPNICE_STOLP_1-150x150.jpg\" class=\"attachment-thumbnail size-thumbnail\" alt=\"\" \/><\/a>\n\t\t\t<\/div><\/figure><figure class='gallery-item'>\n\t\t\t<div class='gallery-icon landscape'>\n\t\t\t\t<a href='https:\/\/www.mizarstvo.bliskk.si\/wp-content\/uploads\/2020\/12\/STOPNICE_STOLP_2.jpg'><img loading=\"lazy\" decoding=\"async\" width=\"150\" height=\"150\" src=\"https:\/\/www.mizarstvo.bliskk.si\/wp-content\/uploads\/2020\/12\/STOPNICE_STOLP_2-150x150.jpg\" class=\"attachment-thumbnail size-thumbnail\" alt=\"\" \/><\/a>\n\t\t\t<\/div><\/figure><figure class='gallery-item'>\n\t\t\t<div class='gallery-icon portrait'>\n\t\t\t\t<a href='https:\/\/www.mizarstvo.bliskk.si\/wp-content\/uploads\/2020\/12\/STOPNICE_STOLP_3.jpg'><img loading=\"lazy\" decoding=\"async\" width=\"150\" height=\"150\" src=\"https:\/\/www.mizarstvo.bliskk.si\/wp-content\/uploads\/2020\/12\/STOPNICE_STOLP_3-150x150.jpg\" class=\"attachment-thumbnail size-thumbnail\" alt=\"\" \/><\/a>\n\t\t\t<\/div><\/figure><figure class='gallery-item'>\n\t\t\t<div class='gallery-icon portrait'>\n\t\t\t\t<a href='https:\/\/www.mizarstvo.bliskk.si\/wp-content\/uploads\/2020\/12\/STOPNICE_STOLP_6.jpg'><img loading=\"lazy\" decoding=\"async\" width=\"150\" height=\"150\" src=\"https:\/\/www.mizarstvo.bliskk.si\/wp-content\/uploads\/2020\/12\/STOPNICE_STOLP_6-150x150.jpg\" class=\"attachment-thumbnail size-thumbnail\" alt=\"\" \/><\/a>\n\t\t\t<\/div><\/figure><figure class='gallery-item'>\n\t\t\t<div class='gallery-icon portrait'>\n\t\t\t\t<a href='https:\/\/www.mizarstvo.bliskk.si\/wp-content\/uploads\/2020\/12\/STOPNICE_STOLP_5.jpg'><img loading=\"lazy\" decoding=\"async\" width=\"150\" height=\"150\" src=\"https:\/\/www.mizarstvo.bliskk.si\/wp-content\/uploads\/2020\/12\/STOPNICE_STOLP_5-150x150.jpg\" class=\"attachment-thumbnail size-thumbnail\" alt=\"\" \/><\/a>\n\t\t\t<\/div><\/figure><figure class='gallery-item'>\n\t\t\t<div class='gallery-icon portrait'>\n\t\t\t\t<a href='https:\/\/www.mizarstvo.bliskk.si\/wp-content\/uploads\/2020\/12\/STOPNICE_STOLP_4.jpg'><img loading=\"lazy\" decoding=\"async\" width=\"150\" height=\"150\" src=\"https:\/\/www.mizarstvo.bliskk.si\/wp-content\/uploads\/2020\/12\/STOPNICE_STOLP_4-150x150.jpg\" class=\"attachment-thumbnail size-thumbnail\" alt=\"\" \/><\/a>\n\t\t\t<\/div><\/figure>\n\t\t<\/div>\n\n<p>OBNOVITEV STARIH BETONSKIH STOPNIC, KI SMO JIH &#8220;OBLEKLI&#8221; V MASIVNI LES BUKVE.<\/p>\n<div id='gallery-5' class='gallery galleryid-56 gallery-columns-3 gallery-size-thumbnail'><figure class='gallery-item'>\n\t\t\t<div class='gallery-icon landscape'>\n\t\t\t\t<a href='https:\/\/www.mizarstvo.bliskk.si\/wp-content\/uploads\/2013\/09\/obnova-stopnic.jpg'><img loading=\"lazy\" decoding=\"async\" width=\"150\" height=\"150\" src=\"https:\/\/www.mizarstvo.bliskk.si\/wp-content\/uploads\/2013\/09\/obnova-stopnic-150x150.jpg\" class=\"attachment-thumbnail size-thumbnail\" alt=\"\" \/><\/a>\n\t\t\t<\/div><\/figure><figure class='gallery-item'>\n\t\t\t<div class='gallery-icon landscape'>\n\t\t\t\t<a href='https:\/\/www.mizarstvo.bliskk.si\/wp-content\/uploads\/2013\/09\/obnova-stopnic1.jpg'><img loading=\"lazy\" decoding=\"async\" width=\"150\" height=\"150\" src=\"https:\/\/www.mizarstvo.bliskk.si\/wp-content\/uploads\/2013\/09\/obnova-stopnic1-150x150.jpg\" class=\"attachment-thumbnail size-thumbnail\" alt=\"\" \/><\/a>\n\t\t\t<\/div><\/figure><figure class='gallery-item'>\n\t\t\t<div class='gallery-icon landscape'>\n\t\t\t\t<a href='https:\/\/www.mizarstvo.bliskk.si\/wp-content\/uploads\/2013\/09\/obnova-stopnic2.jpg'><img loading=\"lazy\" decoding=\"async\" width=\"150\" height=\"150\" src=\"https:\/\/www.mizarstvo.bliskk.si\/wp-content\/uploads\/2013\/09\/obnova-stopnic2-150x150.jpg\" class=\"attachment-thumbnail size-thumbnail\" alt=\"\" \/><\/a>\n\t\t\t<\/div><\/figure><figure class='gallery-item'>\n\t\t\t<div class='gallery-icon landscape'>\n\t\t\t\t<a href='https:\/\/www.mizarstvo.bliskk.si\/wp-content\/uploads\/2013\/09\/obnova-stopnic3.jpg'><img loading=\"lazy\" decoding=\"async\" width=\"150\" height=\"150\" src=\"https:\/\/www.mizarstvo.bliskk.si\/wp-content\/uploads\/2013\/09\/obnova-stopnic3-150x150.jpg\" class=\"attachment-thumbnail size-thumbnail\" alt=\"\" \/><\/a>\n\t\t\t<\/div><\/figure><figure class='gallery-item'>\n\t\t\t<div class='gallery-icon landscape'>\n\t\t\t\t<a href='https:\/\/www.mizarstvo.bliskk.si\/wp-content\/uploads\/2013\/09\/obnova-stopnic5.jpg'><img loading=\"lazy\" decoding=\"async\" width=\"150\" height=\"150\" src=\"https:\/\/www.mizarstvo.bliskk.si\/wp-content\/uploads\/2013\/09\/obnova-stopnic5-150x150.jpg\" class=\"attachment-thumbnail size-thumbnail\" alt=\"\" \/><\/a>\n\t\t\t<\/div><\/figure><figure class='gallery-item'>\n\t\t\t<div class='gallery-icon portrait'>\n\t\t\t\t<a href='https:\/\/www.mizarstvo.bliskk.si\/wp-content\/uploads\/2013\/09\/obnova-stopnic5-21.jpg'><img loading=\"lazy\" decoding=\"async\" width=\"150\" height=\"150\" src=\"https:\/\/www.mizarstvo.bliskk.si\/wp-content\/uploads\/2013\/09\/obnova-stopnic5-21-150x150.jpg\" class=\"attachment-thumbnail size-thumbnail\" alt=\"\" \/><\/a>\n\t\t\t<\/div><\/figure>\n\t\t<\/div>\n\n<p>IZDELAVA IN MONTA\u017dA LESENIH STOPNIC V STANOVANJU<\/p>\n<div id='gallery-6' class='gallery galleryid-56 gallery-columns-3 gallery-size-thumbnail'><figure class='gallery-item'>\n\t\t\t<div class='gallery-icon portrait'>\n\t\t\t\t<a href='https:\/\/www.mizarstvo.bliskk.si\/?attachment_id=583'><img loading=\"lazy\" decoding=\"async\" width=\"150\" height=\"150\" src=\"https:\/\/www.mizarstvo.bliskk.si\/wp-content\/uploads\/2020\/04\/stopnice-150x150.jpg\" class=\"attachment-thumbnail size-thumbnail\" alt=\"\" \/><\/a>\n\t\t\t<\/div><\/figure><figure class='gallery-item'>\n\t\t\t<div class='gallery-icon portrait'>\n\t\t\t\t<a href='https:\/\/www.mizarstvo.bliskk.si\/?attachment_id=584'><img loading=\"lazy\" decoding=\"async\" width=\"150\" height=\"150\" src=\"https:\/\/www.mizarstvo.bliskk.si\/wp-content\/uploads\/2020\/04\/stopnice_1-150x150.jpg\" class=\"attachment-thumbnail size-thumbnail\" alt=\"\" \/><\/a>\n\t\t\t<\/div><\/figure><figure class='gallery-item'>\n\t\t\t<div class='gallery-icon portrait'>\n\t\t\t\t<a href='https:\/\/www.mizarstvo.bliskk.si\/?attachment_id=585'><img loading=\"lazy\" decoding=\"async\" width=\"150\" height=\"150\" src=\"https:\/\/www.mizarstvo.bliskk.si\/wp-content\/uploads\/2020\/04\/stopnice_12-150x150.jpg\" class=\"attachment-thumbnail size-thumbnail\" alt=\"\" \/><\/a>\n\t\t\t<\/div><\/figure>\n\t\t<\/div>\n\n<div id='gallery-7' class='gallery galleryid-56 gallery-columns-3 gallery-size-thumbnail'><figure class='gallery-item'>\n\t\t\t<div class='gallery-icon landscape'>\n\t\t\t\t<a href='https:\/\/www.mizarstvo.bliskk.si\/wp-content\/uploads\/2013\/09\/lesene-stopnice-1.jpg'><img loading=\"lazy\" decoding=\"async\" width=\"150\" height=\"150\" src=\"https:\/\/www.mizarstvo.bliskk.si\/wp-content\/uploads\/2013\/09\/lesene-stopnice-1-150x150.jpg\" class=\"attachment-thumbnail size-thumbnail\" alt=\"\" \/><\/a>\n\t\t\t<\/div><\/figure><figure class='gallery-item'>\n\t\t\t<div class='gallery-icon landscape'>\n\t\t\t\t<a href='https:\/\/www.mizarstvo.bliskk.si\/wp-content\/uploads\/2013\/09\/lesene-stopnice-po-meri.jpg'><img loading=\"lazy\" decoding=\"async\" width=\"150\" height=\"150\" src=\"https:\/\/www.mizarstvo.bliskk.si\/wp-content\/uploads\/2013\/09\/lesene-stopnice-po-meri-150x150.jpg\" class=\"attachment-thumbnail size-thumbnail\" alt=\"\" \/><\/a>\n\t\t\t<\/div><\/figure><figure class='gallery-item'>\n\t\t\t<div class='gallery-icon landscape'>\n\t\t\t\t<a href='https:\/\/www.mizarstvo.bliskk.si\/wp-content\/uploads\/2013\/09\/lesene-stopnice.jpg'><img loading=\"lazy\" decoding=\"async\" width=\"150\" height=\"150\" src=\"https:\/\/www.mizarstvo.bliskk.si\/wp-content\/uploads\/2013\/09\/lesene-stopnice-150x150.jpg\" class=\"attachment-thumbnail size-thumbnail\" alt=\"\" \/><\/a>\n\t\t\t<\/div><\/figure>\n\t\t<\/div>\n\n<p>IZDELAVA LESENIH PODOV ZA HI\u0160NE NI\u0160E<\/p>\n<div id='gallery-8' class='gallery galleryid-56 gallery-columns-3 gallery-size-thumbnail'><figure class='gallery-item'>\n\t\t\t<div class='gallery-icon landscape'>\n\t\t\t\t<a href='https:\/\/www.mizarstvo.bliskk.si\/wp-content\/uploads\/2013\/09\/leseni-podest-1.jpg'><img loading=\"lazy\" decoding=\"async\" width=\"150\" height=\"150\" src=\"https:\/\/www.mizarstvo.bliskk.si\/wp-content\/uploads\/2013\/09\/leseni-podest-1-150x150.jpg\" class=\"attachment-thumbnail size-thumbnail\" alt=\"\" \/><\/a>\n\t\t\t<\/div><\/figure><figure class='gallery-item'>\n\t\t\t<div class='gallery-icon landscape'>\n\t\t\t\t<a href='https:\/\/www.mizarstvo.bliskk.si\/wp-content\/uploads\/2013\/09\/leseni-podest.jpg'><img loading=\"lazy\" decoding=\"async\" width=\"150\" height=\"150\" src=\"https:\/\/www.mizarstvo.bliskk.si\/wp-content\/uploads\/2013\/09\/leseni-podest-150x150.jpg\" class=\"attachment-thumbnail size-thumbnail\" alt=\"\" \/><\/a>\n\t\t\t<\/div><\/figure>\n\t\t<\/div>\n\n<p>POPOLNA OBNOVA DOTRAJANIH STOPNIC Z OSVETLITVIJO<\/p>\n<div id='gallery-9' class='gallery galleryid-56 gallery-columns-3 gallery-size-thumbnail'><figure class='gallery-item'>\n\t\t\t<div class='gallery-icon portrait'>\n\t\t\t\t<a href='https:\/\/www.mizarstvo.bliskk.si\/wp-content\/uploads\/2013\/09\/DSC_0146-Small.jpg'><img loading=\"lazy\" decoding=\"async\" width=\"150\" height=\"150\" src=\"https:\/\/www.mizarstvo.bliskk.si\/wp-content\/uploads\/2013\/09\/DSC_0146-Small-150x150.jpg\" class=\"attachment-thumbnail size-thumbnail\" alt=\"\" \/><\/a>\n\t\t\t<\/div><\/figure><figure class='gallery-item'>\n\t\t\t<div class='gallery-icon landscape'>\n\t\t\t\t<a href='https:\/\/www.mizarstvo.bliskk.si\/wp-content\/uploads\/2013\/09\/DSC_0147-Small.jpg'><img loading=\"lazy\" decoding=\"async\" width=\"150\" height=\"150\" src=\"https:\/\/www.mizarstvo.bliskk.si\/wp-content\/uploads\/2013\/09\/DSC_0147-Small-150x150.jpg\" class=\"attachment-thumbnail size-thumbnail\" alt=\"\" \/><\/a>\n\t\t\t<\/div><\/figure><figure class='gallery-item'>\n\t\t\t<div class='gallery-icon portrait'>\n\t\t\t\t<a href='https:\/\/www.mizarstvo.bliskk.si\/wp-content\/uploads\/2013\/09\/STOPNICE1-Small.jpg'><img loading=\"lazy\" decoding=\"async\" width=\"150\" height=\"150\" src=\"https:\/\/www.mizarstvo.bliskk.si\/wp-content\/uploads\/2013\/09\/STOPNICE1-Small-150x150.jpg\" class=\"attachment-thumbnail size-thumbnail\" alt=\"\" \/><\/a>\n\t\t\t<\/div><\/figure><figure class='gallery-item'>\n\t\t\t<div class='gallery-icon portrait'>\n\t\t\t\t<a href='https:\/\/www.mizarstvo.bliskk.si\/wp-content\/uploads\/2013\/09\/DSC_0148-Small.jpg'><img loading=\"lazy\" decoding=\"async\" width=\"150\" height=\"150\" src=\"https:\/\/www.mizarstvo.bliskk.si\/wp-content\/uploads\/2013\/09\/DSC_0148-Small-150x150.jpg\" class=\"attachment-thumbnail size-thumbnail\" alt=\"\" \/><\/a>\n\t\t\t<\/div><\/figure>\n\t\t<\/div>\n\n","protected":false},"excerpt":{"rendered":"<p>Izdelava in monta\u017ea lesenih stopnic za razli\u010dne namene. IZDELAVA IN MONTA\u017dA STOPNIC NA PRIPRAVLJENO KOVINSKO NOSILNO KONSTRUKCIJO IZDELAVA STOPNIH PLOSKEV NA BETONSKE STOPNICE RA\u010cJA HOJA IZDELAVA STOPNIC &#8211; RA\u010cJA HOJA- ZA DOTRAJANE STOPNICE NA RAZGLEDNEM STOLPU V KRAJINSKEM PARKU. OBNOVITEV STARIH BETONSKIH STOPNIC, KI SMO JIH &#8220;OBLEKLI&#8221; V MASIVNI LES BUKVE. IZDELAVA IN MONTA\u017dA LESENIH &hellip; <a href=\"https:\/\/www.mizarstvo.bliskk.si\/?page_id=56\" class=\"more-link\">Preberi ve\u010d <span class=\"screen-reader-text\">STOPNICE<\/span> <span class=\"meta-nav\">&rarr;<\/span><\/a><\/p>\n","protected":false},"author":1,"featured_media":0,"parent":188,"menu_order":0,"comment_status":"closed","ping_status":"closed","template":"","meta":{"footnotes":""},"class_list":["post-56","page","type-page","status-publish","hentry"],"_links":{"self":[{"href":"https:\/\/www.mizarstvo.bliskk.si\/index.php?rest_route=\/wp\/v2\/pages\/56","targetHints":{"allow":["GET"]}}],"collection":[{"href":"https:\/\/www.mizarstvo.bliskk.si\/index.php?rest_route=\/wp\/v2\/pages"}],"about":[{"href":"https:\/\/www.mizarstvo.bliskk.si\/index.php?rest_route=\/wp\/v2\/types\/page"}],"author":[{"embeddable":true,"href":"https:\/\/www.mizarstvo.bliskk.si\/index.php?rest_route=\/wp\/v2\/users\/1"}],"replies":[{"embeddable":true,"href":"https:\/\/www.mizarstvo.bliskk.si\/index.php?rest_route=%2Fwp%2Fv2%2Fcomments&post=56"}],"version-history":[{"count":11,"href":"https:\/\/www.mizarstvo.bliskk.si\/index.php?rest_route=\/wp\/v2\/pages\/56\/revisions"}],"predecessor-version":[{"id":875,"href":"https:\/\/www.mizarstvo.bliskk.si\/index.php?rest_route=\/wp\/v2\/pages\/56\/revisions\/875"}],"up":[{"embeddable":true,"href":"https:\/\/www.mizarstvo.bliskk.si\/index.php?rest_route=\/wp\/v2\/pages\/188"}],"wp:attachment":[{"href":"https:\/\/www.mizarstvo.bliskk.si\/index.php?rest_route=%2Fwp%2Fv2%2Fmedia&parent=56"}],"curies":[{"name":"wp","href":"https:\/\/api.w.org\/{rel}","templated":true}]}}